{"id":6374,"date":"2020-10-05T10:48:59","date_gmt":"2020-10-05T08:48:59","guid":{"rendered":"https:\/\/atomic-temporary-183359850.wpcomstaging.com\/?page_id=6374"},"modified":"2023-10-07T21:02:42","modified_gmt":"2023-10-07T19:02:42","slug":"aviso-legal","status":"publish","type":"page","link":"https:\/\/cateringroig.com\/esp\/aviso-legal\/","title":{"rendered":"Aviso Legal"},"content":{"rendered":"<h1 class=\"wp-block-heading\">Condiciones de uso de la web de Catering Roig<\/h1>\n\n\n\n<p class=\"wp-block-paragraph\">La utilizaci\u00f3n de este sitio web est\u00e1 sujeta a las siguientes condiciones de uso. Le rogamos que las lea atentamente. El hecho de acceder a este sitio web y utilizar los materiales contenidos en ella implica que usted ha le\u00eddo y acepta, sin reserva alguna, estas condiciones.<br>En alg\u00fan caso, la utilizaci\u00f3n de alguno de los espacios o servicios contenidos en este sitio web puede estar sujeta a condiciones particulares de utilizaci\u00f3n. Lea atentamente dichas condiciones. La utilizaci\u00f3n de tales servicios significar\u00e1 la aceptaci\u00f3n de las condiciones particulares que les sean aplicables.<br><strong>1.- Condiciones de uso<\/strong><br><strong>1.1<\/strong><br>Este sitio web contiene materiales preparados por Catering Roig con fines \u00fanicamente informativos. El usuario debe tener en cuenta que tales materiales pudieran no reflejar el estado legislativo o jurisprudencial m\u00e1s reciente sobre las cuestiones analizadas. Asimismo, estos materiales pueden ser modificados, desarrollados o actualizados sin notificaci\u00f3n previa.<br><strong>1.2<\/strong><br>Los enlaces o links que contiene este sitio web pueden conducir al usuario a otros sitios y p\u00e1ginas web gestionados por terceros, sobre las que Catering Roig no ejerce ning\u00fan tipo de control. Catering Roig no responde ni de los contenidos ni del estado de dichos sitios y p\u00e1ginas web, y el acceso a las mismas a trav\u00e9s de este sitio web tampoco implica que Catering Roig recomiende o apruebe sus contenidos.<br><strong>2.- Limitaci\u00f3n de responsabilidad<\/strong><br><strong>2.1<\/strong><br>Quien utiliza este sitio web, lo hace por su propia cuenta y riesgo.Catering Roig, sus socios, colaboradores, empleados y representantes no se responsabilizan de los errores u omisiones de los que pudieran adolecer los contenidos este sitio web u otros contenidos a los que se pueda acceder a trav\u00e9s de la misma. Catering Roig, sus socios, colaboradores, empleados y representantes tampoco podr\u00e1n ser considerados responsables por cualesquiera da\u00f1os derivados de la utilizaci\u00f3n de este sitio web, ni por cualquier actuaci\u00f3n realizada sobre la base de la informaci\u00f3n que en ella se facilita.<br><strong>2.2<\/strong><br>Catering Roig no garantiza la ausencia de virus u otros elementos lesivos que pudieran causar da\u00f1os o alteraciones en el sistema inform\u00e1tico, en los documentos electr\u00f3nicos o en los ficheros del usuario de este sitio web. En consecuencia, Catering Roig no responde por los da\u00f1os y perjuicios que tales elementos pudieran ocasionar al usuario o a terceros.<br><strong>3.- Derechos de Propiedad Intelectual<\/strong><br>\u00a9 2014 Catering Roig. Todos los derechos reservados.<br><strong>3.1<\/strong><br>La totalidad del contenido de este sitio web, ya sean textos, im\u00e1genes, sonido, ficheros, marcas, logotipos, combinaciones de colores, o cualquier otro elemento, su estructura y dise\u00f1o, la selecci\u00f3n y forma de presentaci\u00f3n de los materiales incluidos en la misma, y los programas de ordenador necesarios para su funcionamiento, acceso y utilizaci\u00f3n, est\u00e1n protegidos por derechos de propiedad industrial e intelectual, titularidad de Catering Roig o, en su caso, de sus licenciantes, que el usuario de este sitio web debe respetar.<br><strong>3.2<\/strong><br>En particular, pero sin limitar la generalidad de la obligaci\u00f3n del usuario expresada en el p\u00e1rrafo anterior, quedan prohibidas la reproducci\u00f3n, excepto para uso privado, la transformaci\u00f3n, distribuci\u00f3n, comunicaci\u00f3n p\u00fablica, puesta a disposici\u00f3n del p\u00fablico y en general cualquier otra forma de explotaci\u00f3n, por cualquier procedimiento, de todo o parte de los contenidos de este sitio web, as\u00ed como de su dise\u00f1o y la selecci\u00f3n y forma de presentaci\u00f3n de los materiales incluidos en la misma. Estos actos de explotaci\u00f3n s\u00f3lo podr\u00e1n ser realizados si media la autorizaci\u00f3n expresa de Catering Roig y siempre que se haga referencia expl\u00edcita a la titularidad de Catering Roig de los indicados derechos de propiedad intelectual.<br><strong>3.3<\/strong><br>Queda asimismo prohibido descompilar, desensamblar, realizar ingenier\u00eda inversa, sublicenciar o transmitir de cualquier modo, traducir o realizar obras derivadas de los programas de ordenador necesarios para el funcionamiento, acceso y utilizaci\u00f3n de este sitio web y de los servicios en ella contenidos, as\u00ed como realizar, respecto a todo o parte de tales programas, cualesquiera de los actos de explotaci\u00f3n referidos en el p\u00e1rrafo anterior. El usuario del sitio web deber\u00e1 abstenerse en todo caso de suprimir, alterar, eludir o manipular cualquiera dispositivos de protecci\u00f3n o sistemas de seguridad que puedan estar instalados en la misma<br><strong>4.- Protecci\u00f3n de datos<\/strong><br><strong>4.1<\/strong><br>La informaci\u00f3n que recibe Catering Roig de los usuarios de este sitio web, a trav\u00e9s de las consultas on-line o del env\u00edo de formularios de consulta, es tratada con la m\u00e1xima confidencialidad. En el caso de las consultas on-line, esta informaci\u00f3n es utilizada exclusivamente para responder a las cuestiones planteadas; y en el supuesto de la remisi\u00f3n de formularios curriculares, con el fin de llevar a cabo la selecci\u00f3n de voluntarios. La informaci\u00f3n recibida no es utilizada para ning\u00fan otro fin.<br><strong>4.2<\/strong><br>Catering Roig no utiliza cookies para acceder a informaci\u00f3n relativa a los usuarios del sitio web. Sin embargo, se reserva el derecho de modificar su criterio respecto al uso de cookies.<br><strong>4.3<\/strong><br>Algunos de los servicios incluidos en este sitio web y, en particular, la remisi\u00f3n de formularios curriculares, exigen la recogida de datos personales. Para la prestaci\u00f3n de estos servicios, Catering Roig precisa recabar del usuario determinados datos que se consideran imprescindibles. Durante el proceso de recogida de los datos, el usuario ser\u00e1 informado del car\u00e1cter necesario de los mismos. Si no se facilitan estos datos obligatorios, no ser\u00e1 posible la prestaci\u00f3n de tales servicios.<br><strong>4.4<\/strong><br>En relaci\u00f3n con los datos recabados en la forma prevista en los apartados anteriores, el usuario podr\u00e1 ejercitar los derechos reconocidos por la ley y, en particular, los derechos de acceso, rectificaci\u00f3n o cancelaci\u00f3n de datos y oposici\u00f3n, si resultase pertinente, as\u00ed como el derecho de revocar el consentimiento prestado para la cesi\u00f3n de sus datos. Tales derechos podr\u00e1n ser ejercitados por el usuario o, en su caso, por quien lo represente, mediante solicitud escrita y firmada, dirigida a la siguiente direcci\u00f3n:<br><strong>Catering Roig<\/strong><br>C\/Aribau 70 \u2013 08011 Barcelona<br>(+34) 93 453 92 70<br><a href=\"mailto:reservations@cateringroig.com\"><strong>reservations@cateringroig.com<\/strong><\/a><br>La solicitud deber\u00e1 contener los siguientes datos: nombre y apellidos del usuario, domicilio a efectos de notificaciones, fotocopia del Documento Nacional de Identidad o pasaporte, y contenido concreto del derecho ejercitado.<br><strong>4.5<\/strong><br>Catering Roig guardar\u00e1 los datos de car\u00e1cter personal que haya recabado, y adoptar\u00e1 las medidas necesarias para evitar su alteraci\u00f3n, p\u00e9rdida, tratamiento o acceso no autorizados. Catering Roig cumplir\u00e1 estos deberes de acuerdo con lo establecido por la normativa aplicable.<\/p>","protected":false},"excerpt":{"rendered":"<p>Condiciones de uso de la web de Catering Roig La utilizaci\u00f3n de este sitio web est\u00e1 sujeta a las siguientes condiciones de uso. Le rogamos que las lea atentamente. El&#8230;<\/p>","protected":false},"author":193747986,"featured_media":0,"parent":0,"menu_order":0,"comment_status":"closed","ping_status":"closed","template":"","meta":{"_coblocks_attr":"","_coblocks_dimensions":"","_coblocks_responsive_height":"","_coblocks_accordion_ie_support":"","_crdt_document":"","advanced_seo_description":"","jetpack_seo_html_title":"","jetpack_seo_noindex":false,"footnotes":""},"class_list":["post-6374","page","type-page","status-publish"],"jetpack_likes_enabled":false,"jetpack_sharing_enabled":true,"jetpack_shortlink":"https:\/\/wp.me\/PcpmgW-1EO","jetpack-related-posts":[],"_links":{"self":[{"href":"https:\/\/cateringroig.com\/esp\/wp-json\/wp\/v2\/pages\/6374","targetHints":{"allow":["GET"]}}],"collection":[{"href":"https:\/\/cateringroig.com\/esp\/wp-json\/wp\/v2\/pages"}],"about":[{"href":"https:\/\/cateringroig.com\/esp\/wp-json\/wp\/v2\/types\/page"}],"author":[{"embeddable":true,"href":"https:\/\/cateringroig.com\/esp\/wp-json\/wp\/v2\/users\/193747986"}],"replies":[{"embeddable":true,"href":"https:\/\/cateringroig.com\/esp\/wp-json\/wp\/v2\/comments?post=6374"}],"version-history":[{"count":1,"href":"https:\/\/cateringroig.com\/esp\/wp-json\/wp\/v2\/pages\/6374\/revisions"}],"predecessor-version":[{"id":6865,"href":"https:\/\/cateringroig.com\/esp\/wp-json\/wp\/v2\/pages\/6374\/revisions\/6865"}],"wp:attachment":[{"href":"https:\/\/cateringroig.com\/esp\/wp-json\/wp\/v2\/media?parent=6374"}],"curies":[{"name":"wp","href":"https:\/\/api.w.org\/{rel}","templated":true}]}}