{"id":6245,"date":"2020-09-26T18:59:02","date_gmt":"2020-09-26T16:59:02","guid":{"rendered":"https:\/\/atomic-temporary-183359850.wpcomstaging.com\/?page_id=6245"},"modified":"2024-09-19T20:34:01","modified_gmt":"2024-09-19T18:34:01","slug":"equipo","status":"publish","type":"page","link":"https:\/\/cateringroig.com\/esp\/equipo\/","title":{"rendered":"Equipo"},"content":{"rendered":"<div id=\"fws_69e88e06a96fe\"  data-column-margin=\"default\" data-midnight=\"dark\" data-top-percent=\"8%\"  class=\"wpb_row vc_row-fluid vc_row full-width-section standard_section\"  style=\"padding-top: calc(100vw * 0.08); padding-bottom: 0px; \"><div class=\"row-bg-wrap\" data-bg-animation=\"none\" data-bg-overlay=\"false\"><div class=\"inner-wrap\"><div class=\"row-bg\"  style=\"\"><\/div><\/div><div class=\"row-bg-overlay\" ><\/div><\/div><div class=\"row_col_wrap_12 col span_12 dark left\">\n\t<div style=\"margin-bottom: -6%; \" class=\"vc_col-sm-12 wpb_column column_container vc_column_container col no-extra-padding inherit_tablet inherit_phone\"  data-t-w-inherits=\"default\" data-bg-cover=\"\" data-padding-pos=\"all\" data-has-bg-color=\"false\" data-bg-color=\"\" data-bg-opacity=\"1\" data-hover-bg=\"\" data-hover-bg-opacity=\"1\" data-animation=\"\" data-delay=\"0\" >\n\t\t<div class=\"vc_column-inner\" ><div class=\"column-bg-overlay-wrap\" data-bg-animation=\"none\"><div class=\"column-bg-overlay\"><\/div><\/div>\n\t\t\t<div class=\"wpb_wrapper\">\n\t\t\t\t<div id=\"team\" data-midnight=\"\" data-column-margin=\"default\" class=\"wpb_row vc_row-fluid vc_row inner_row standard_section\"  style=\"padding-top: 0px; padding-bottom: 60px; \"><div class=\"row-bg-wrap\"> <div class=\"row-bg\" ><\/div> <\/div><div class=\"row_col_wrap_12_inner col span_12  left\">\n\t<div  class=\"vc_col-sm-12 wpb_column column_container vc_column_container col child_column centered-text no-extra-padding inherit_tablet inherit_phone\"   data-t-w-inherits=\"default\" data-bg-cover=\"\" data-padding-pos=\"all\" data-has-bg-color=\"false\" data-bg-color=\"\" data-bg-opacity=\"1\" data-hover-bg=\"\" data-hover-bg-opacity=\"1\" data-animation=\"\" data-delay=\"0\">\n\t\t<div class=\"vc_column-inner\" ><div class=\"column-bg-overlay-wrap\" data-bg-animation=\"none\"><div class=\"column-bg-overlay\"><\/div><\/div>\n\t\t<div class=\"wpb_wrapper\">\n\t\t\t<h3 style=\"color: #9e321c;text-align: center\" class=\"vc_custom_heading\" >Nuestro equipo<\/h3><div class=\"divider-wrap\" data-alignment=\"default\"><div style=\"margin-top: 20px; width: 40px; height: 2px; margin-bottom: 20px;\" data-width=\"40\" data-animate=\"yes\" data-animation-delay=\"\" data-color=\"extra-color-3\" class=\"divider-small-border\"><\/div><\/div>\n\t\t<\/div> \n\t<\/div>\n\t<\/div> \n<\/div><\/div><div id=\"fws_69e88e06aa444\" data-midnight=\"\" data-column-margin=\"default\" class=\"wpb_row vc_row-fluid vc_row inner_row standard_section\"  style=\"padding-top: 0px; padding-bottom: 0px; \"><div class=\"row-bg-wrap\"> <div class=\"row-bg\" ><\/div> <\/div><div class=\"row_col_wrap_12_inner col span_12  left\">\n\t<div  class=\"vc_col-sm-4 wpb_column column_container vc_column_container col child_column no-extra-padding inherit_tablet inherit_phone\"   data-t-w-inherits=\"default\" data-bg-cover=\"\" data-padding-pos=\"all\" data-has-bg-color=\"false\" data-bg-color=\"\" data-bg-opacity=\"1\" data-hover-bg=\"\" data-hover-bg-opacity=\"1\" data-animation=\"\" data-delay=\"0\">\n\t\t<div class=\"vc_column-inner\" ><div class=\"column-bg-overlay-wrap\" data-bg-animation=\"none\"><div class=\"column-bg-overlay\"><\/div><\/div>\n\t\t<div class=\"wpb_wrapper\">\n\t\t\t<div class=\"team-member\" data-style=\"bio_fullscreen\">    <div class=\"team-member-image\"><div class=\"team-member-image-inner\"><img loading=\"lazy\" decoding=\"async\" src=\"https:\/\/i0.wp.com\/cateringroig.com\/wp-content\/uploads\/2022\/10\/b7c30-img_7629.jpg?resize=500%2C500&#038;ssl=1\" width=\"500\" height=\"500\" alt=\"\" \/><\/div><\/div>    <div class=\"team-member-overlay\"><\/div>    <div class=\"team-meta\"><h3>Teresa<\/h3><p>Chef y directora de orquesta.<\/p><div class=\"arrow-end fa fa-angle-right\"><\/div><div class=\"arrow-line\"><\/div><\/div>    <div class=\"nectar_team_bio_img\" data-img-src=\"https:\/\/i0.wp.com\/cateringroig.com\/wp-content\/uploads\/2022\/10\/13862-img_7624.jpg?fit=2553%2C3618&amp;ssl=1\"><\/div>    <div class=\"nectar_team_bio\">En\u00e9rgica, curiosa, disfrutona y pasional.<br \/>\nGestionando esta casa, m\u00e1s desde el coraz\u00f3n que desde la raz\u00f3n.<br \/>\nDesde aqu\u00ed te mando una invitaci\u00f3n, para crear magia en tu celebraci\u00f3n.<div class=\"bottom_meta\"><\/div><\/div>    <\/div>\n\t\t<\/div> \n\t<\/div>\n\t<\/div> \n\n\t<div  class=\"vc_col-sm-4 wpb_column column_container vc_column_container col child_column no-extra-padding inherit_tablet inherit_phone\"   data-t-w-inherits=\"default\" data-bg-cover=\"\" data-padding-pos=\"all\" data-has-bg-color=\"false\" data-bg-color=\"\" data-bg-opacity=\"1\" data-hover-bg=\"\" data-hover-bg-opacity=\"1\" data-animation=\"\" data-delay=\"0\">\n\t\t<div class=\"vc_column-inner\" ><div class=\"column-bg-overlay-wrap\" data-bg-animation=\"none\"><div class=\"column-bg-overlay\"><\/div><\/div>\n\t\t<div class=\"wpb_wrapper\">\n\t\t\t<div class=\"team-member\" data-style=\"bio_fullscreen\">    <div class=\"team-member-image\"><div class=\"team-member-image-inner\"><img loading=\"lazy\" decoding=\"async\" src=\"https:\/\/i0.wp.com\/cateringroig.com\/wp-content\/uploads\/2022\/10\/e123d-img_7641.jpg?resize=500%2C500&#038;ssl=1\" width=\"500\" height=\"500\" alt=\"\" \/><\/div><\/div>    <div class=\"team-member-overlay\"><\/div>    <div class=\"team-meta\"><h3>Paki<\/h3><p>Encargada de producto cocinado.<\/p><div class=\"arrow-end fa fa-angle-right\"><\/div><div class=\"arrow-line\"><\/div><\/div>    <div class=\"nectar_team_bio_img\" data-img-src=\"https:\/\/i0.wp.com\/cateringroig.com\/wp-content\/uploads\/2022\/10\/a6d98-img_7639.jpg?fit=2648%2C3795&amp;ssl=1\"><\/div>    <div class=\"nectar_team_bio\">Ella es la Paki, que forma parte de nuestro equipo desde hace 18 a\u00f1os.<br \/>\nSe describe como cari\u00f1osa, trabajadora y amante de la gastronom\u00eda.<br \/>\nSu curiosidad por aprender y compartir la han llevado a ser pieza clave de nuestra cocina. Ella mima todo lo que se est\u00e1 cociendo en los fuegos de Can Roig.<div class=\"bottom_meta\"><\/div><\/div>    <\/div>\n\t\t<\/div> \n\t<\/div>\n\t<\/div> \n\n\t<div  class=\"vc_col-sm-4 wpb_column column_container vc_column_container col child_column no-extra-padding inherit_tablet inherit_phone\"   data-t-w-inherits=\"default\" data-bg-cover=\"\" data-padding-pos=\"all\" data-has-bg-color=\"false\" data-bg-color=\"\" data-bg-opacity=\"1\" data-hover-bg=\"\" data-hover-bg-opacity=\"1\" data-animation=\"\" data-delay=\"0\">\n\t\t<div class=\"vc_column-inner\" ><div class=\"column-bg-overlay-wrap\" data-bg-animation=\"none\"><div class=\"column-bg-overlay\"><\/div><\/div>\n\t\t<div class=\"wpb_wrapper\">\n\t\t\t<div class=\"team-member\" data-style=\"bio_fullscreen\">    <div class=\"team-member-image\"><div class=\"team-member-image-inner\"><img loading=\"lazy\" decoding=\"async\" src=\"https:\/\/i0.wp.com\/cateringroig.com\/wp-content\/uploads\/2022\/10\/6b7e8-img_7655.jpg?resize=500%2C500&#038;ssl=1\" width=\"500\" height=\"500\" alt=\"\" \/><\/div><\/div>    <div class=\"team-member-overlay\"><\/div>    <div class=\"team-meta\"><h3>Mada<\/h3><p>Encargada de producto fresco y elaboraciones en crudo.<\/p><div class=\"arrow-end fa fa-angle-right\"><\/div><div class=\"arrow-line\"><\/div><\/div>    <div class=\"nectar_team_bio_img\" data-img-src=\"https:\/\/i0.wp.com\/cateringroig.com\/wp-content\/uploads\/2022\/10\/609f4-img_7661.jpg?fit=3017%2C4023&amp;ssl=1\"><\/div>    <div class=\"nectar_team_bio\">Os presentamos a Mada.<br \/>\nNos acompa\u00f1a en esta aventura desde hace 28 a\u00f1os. Juntas hemos crecido profesional y personalmente.<br \/>\nSe define alegre, cabezona y cari\u00f1osa. Y le gusta leer, re\u00edr y ver como sale el sol.<br \/>\nCualquier duda que puedas tener, ella te lo resolver\u00e1 y en todo momento har\u00e1 que te sientas acompa\u00f1ado.<div class=\"bottom_meta\"><\/div><\/div>    <\/div>\n\t\t<\/div> \n\t<\/div>\n\t<\/div> \n<\/div><\/div>\n\t\t\t<\/div> \n\t\t<\/div>\n\t<\/div> \n<\/div><\/div>\n\t\t<div id=\"steps\"  data-column-margin=\"default\" data-midnight=\"dark\" data-top-percent=\"8%\" data-bottom-percent=\"3%\"  class=\"wpb_row vc_row-fluid vc_row full-width-section  vc_row-o-equal-height vc_row-flex  vc_row-o-content-middle standard_section\"  style=\"padding-top: calc(100vw * 0.08); padding-bottom: calc(100vw * 0.03); \"><div class=\"row-bg-wrap\" data-bg-animation=\"none\" data-bg-overlay=\"false\"><div class=\"inner-wrap\"><div class=\"row-bg\"  style=\"\"><\/div><\/div><div class=\"row-bg-overlay\" ><\/div><\/div><div class=\"row_col_wrap_12 col span_12 dark left\">\n\t<div  class=\"vc_col-sm-12 vc_col-xs-12 wpb_column column_container vc_column_container col padding-2-percent inherit_tablet inherit_phone\"  data-t-w-inherits=\"default\" data-bg-cover=\"\" data-padding-pos=\"top-bottom\" data-has-bg-color=\"false\" data-bg-color=\"\" data-bg-opacity=\"1\" data-hover-bg=\"\" data-hover-bg-opacity=\"1\" data-animation=\"\" data-delay=\"0\" >\n\t\t<div class=\"vc_column-inner\" ><div class=\"column-bg-overlay-wrap\" data-bg-animation=\"none\"><div class=\"column-bg-overlay\"><\/div><\/div>\n\t\t\t<div class=\"wpb_wrapper\">\n\t\t\t\t<div id=\"fws_69e88e06abff5\" data-midnight=\"\" data-column-margin=\"default\" class=\"wpb_row vc_row-fluid vc_row inner_row  vc_row-o-equal-height vc_row-flex  vc_row-o-content-middle standard_section\"  style=\"padding-top: 0px; padding-bottom: 6%; \"><div class=\"row-bg-wrap\"> <div class=\"row-bg\" ><\/div> <\/div><div class=\"row_col_wrap_12_inner col span_12  left\">\n\t<div  class=\"vc_col-sm-12 wpb_column column_container vc_column_container col child_column no-extra-padding inherit_tablet inherit_phone\"   data-t-w-inherits=\"default\" data-bg-cover=\"\" data-padding-pos=\"all\" data-has-bg-color=\"false\" data-bg-color=\"\" data-bg-opacity=\"1\" data-hover-bg=\"\" data-hover-bg-opacity=\"1\" data-animation=\"\" data-delay=\"0\">\n\t\t<div class=\"vc_column-inner\" ><div class=\"column-bg-overlay-wrap\" data-bg-animation=\"none\"><div class=\"column-bg-overlay\"><\/div><\/div>\n\t\t<div class=\"wpb_wrapper\">\n\t\t\t<div class=\"nectar-highlighted-text\" data-style=\"half_text\" data-using-custom-color=\"true\" data-animation-delay=\"false\" data-color=\"#9e321c\" data-color-gradient=\"\" style=\"\">\n<p style=\"text-align: center;\"><span style=\"color: #9e321c;\"><strong>Ingredientes para nuestra mejor receta.<\/strong><\/span><\/p>\n<\/div>\n\t\t<\/div> \n\t<\/div>\n\t<\/div> \n<\/div><\/div><div class=\"nectar-icon-list\" data-icon-color=\"default\" data-icon-style=\"border\" data-columns=\"3\" data-direction=\"horizontal\" data-icon-size=\"small\" data-animate=\"true\"><div class=\"nectar-icon-list-item\"><div class=\"list-icon-holder\" data-icon_type=\"numerical\"><span>1<\/span><\/div><div class=\"content\"><h4>250 gr. de sue\u00f1os<\/h4><\/div><\/div><div class=\"nectar-icon-list-item\"><div class=\"list-icon-holder\" data-icon_type=\"numerical\"><span>2<\/span><\/div><div class=\"content\"><h4>100 ml. de entusiasmo<\/h4><\/div><\/div><div class=\"nectar-icon-list-item\"><div class=\"list-icon-holder\" data-icon_type=\"numerical\"><span>3<\/span><\/div><div class=\"content\"><h4>2 cucharadas de atrevimiento<\/h4><\/div><\/div><div class=\"nectar-icon-list-item\"><div class=\"list-icon-holder\" data-icon_type=\"numerical\"><span>4<\/span><\/div><div class=\"content\"><h4>1 pellizco de diversi\u00f3n<\/h4><\/div><\/div><div class=\"nectar-icon-list-item\"><div class=\"list-icon-holder\" data-icon_type=\"numerical\"><span>5<\/span><\/div><div class=\"content\"><h4>1 taza de disciplina<\/h4><\/div><\/div><div class=\"nectar-icon-list-item\"><div class=\"list-icon-holder\" data-icon_type=\"numerical\"><span>6<\/span><\/div><div class=\"content\"><h4>2 ramas de respeto<\/h4><\/div><\/div><\/div><div class=\"nectar-highlighted-text\" data-style=\"half_text\" data-using-custom-color=\"true\" data-animation-delay=\"false\" data-color=\"#9e321c\" data-color-gradient=\"\" style=\"\">\n<p style=\"text-align: center;\"><span style=\"color: #9e321c;\"><strong>Coc\u00ednalos con un buen pu\u00f1ado de amor a fuego bien lento, durante mucho tiempo.<\/strong><\/span><\/p>\n<\/div>\n\t\t\t<\/div> \n\t\t<\/div>\n\t<\/div> \n<\/div><\/div>","protected":false},"excerpt":{"rendered":"El nostre equip TeresaCap de cuina i directora d'orquestra. En\u00e8rgica, curiosa, gaudidora i passional.Gestionant aquesta casa, m\u00e9s des del cor que des de la ra\u00f3.Des d\u2019aqu\u00ed t\u2019envio una invitaci\u00f3, per...","protected":false},"author":193747986,"featured_media":0,"parent":0,"menu_order":0,"comment_status":"closed","ping_status":"closed","template":"","meta":{"_coblocks_attr":"","_coblocks_dimensions":"","_coblocks_responsive_height":"","_coblocks_accordion_ie_support":"","_crdt_document":"","advanced_seo_description":"","jetpack_seo_html_title":"","jetpack_seo_noindex":false,"footnotes":""},"class_list":["post-6245","page","type-page","status-publish"],"jetpack_likes_enabled":false,"jetpack_sharing_enabled":false,"jetpack_shortlink":"https:\/\/wp.me\/PcpmgW-1CJ","jetpack-related-posts":[],"_links":{"self":[{"href":"https:\/\/cateringroig.com\/esp\/wp-json\/wp\/v2\/pages\/6245","targetHints":{"allow":["GET"]}}],"collection":[{"href":"https:\/\/cateringroig.com\/esp\/wp-json\/wp\/v2\/pages"}],"about":[{"href":"https:\/\/cateringroig.com\/esp\/wp-json\/wp\/v2\/types\/page"}],"author":[{"embeddable":true,"href":"https:\/\/cateringroig.com\/esp\/wp-json\/wp\/v2\/users\/193747986"}],"replies":[{"embeddable":true,"href":"https:\/\/cateringroig.com\/esp\/wp-json\/wp\/v2\/comments?post=6245"}],"version-history":[{"count":7,"href":"https:\/\/cateringroig.com\/esp\/wp-json\/wp\/v2\/pages\/6245\/revisions"}],"predecessor-version":[{"id":7191,"href":"https:\/\/cateringroig.com\/esp\/wp-json\/wp\/v2\/pages\/6245\/revisions\/7191"}],"wp:attachment":[{"href":"https:\/\/cateringroig.com\/esp\/wp-json\/wp\/v2\/media?parent=6245"}],"curies":[{"name":"wp","href":"https:\/\/api.w.org\/{rel}","templated":true}]}}